{"id":8,"date":"2020-03-09T20:11:42","date_gmt":"2020-03-09T20:11:42","guid":{"rendered":"http:\/\/emptynose.de\/?page_id=8"},"modified":"2020-03-09T20:11:42","modified_gmt":"2020-03-09T20:11:42","slug":"symptome-krankheitsbild","status":"publish","type":"page","link":"https:\/\/emptynose.de\/?page_id=8","title":{"rendered":"Symptome &#038; Krankheitsbild"},"content":{"rendered":"\n<p> Empty Nose Syndrome ist eine komplexe Krankheit &#8211; abh\u00e4ngig vom jeweiligen Defekt kann es zu unterschiedlichen Symptomen kommen. Hier sind die g\u00e4ngigsten beschrieben. Au\u00dferdem wird erkl\u00e4rt, wie es \u00fcberhaupt zum Empty Nose Syndrome kommen kann. Grunds\u00e4tzlich ist Empty Nose Syndrome in fast allen F\u00e4llen mit einer Nasen-OP verkn\u00fcpft, tritt also nicht &#8222;von allein&#8220; auf. <\/p>\n\n\n\n<h3 class=\"wp-block-heading\"> Symptome <\/h3>\n\n\n\n<p><strong>Schlaf<\/strong><\/p>\n\n\n\n<p>Zu ENS geh\u00f6rt oft ein schlechter Schlaf. Nicht richtig einschlafen k\u00f6nnen, oft aufwachen, kaum Erholung finden im Schlaf &#8211; oft wird das schnell auf die Psyche geschoben. Es gibt allerdings mittlerweile eine gute Datenlage (bspw. die Webseite von <a href=\"https:\/\/emptynosesyndromeaerodynamics.com\/category\/results-empty-nose-syndrome-sleep-analysis-before-and-after-two-different-lateral-wall-nasal-implants\/\">Peter Esquinasi<\/a>), dass es tats\u00e4chlich direkt mit der Nase zusammenh\u00e4ngt. Insbesondere wenn die Schlafprobleme aus dem Nichts kommen und sich durch keine Schlafhygiene erkl\u00e4ren lassen, k\u00f6nnen sie im Zusammenhang mit einer Nasen-OP stehen.<\/p>\n\n\n\n<p><strong>Atmung<\/strong><\/p>\n\n\n\n<p>ENS beeinflusst die Atmung &#8211; der Atem kann sich (auch bei Zimmertemperatur) kalt anf\u00fchlen in der Nase, oder die Nase f\u00fchlt sich blockiert an obwohl sie frei ist. In Extremf\u00e4llen pr\u00e4sentiert sich Empty Nose Syndrome auch so, dass permanent ein Gef\u00fchl der Erstickung vorhanden ist.<\/p>\n\n\n\n<p><strong>Puls<\/strong><\/p>\n\n\n\n<p>Die Probleme bei der Atmung f\u00fchren oft auch zu einem erh\u00f6hten Puls und geringerer Belastbarkeit.<\/p>\n\n\n\n<p><strong>Trockenheit<\/strong><\/p>\n\n\n\n<p>Bei ENS ist die Nase oft sehr trocken, weil sie zu weit ist um sich selbst zu befeuchten, oder weil die Schleimhaut zu sehr gesch\u00e4digt ist um dieser Funktion nachzukommen. Dadurch bilden sich Krusten, es blutet oder die Nase schmerzt.\n\n<\/p>\n\n\n\n<h3 class=\"wp-block-heading\"> Krankheitsbild <\/h3>\n\n\n\n<p>\n\nEmpty Nose Syndrome entsteht durch eine \u00c4nderung der Physiologie der Nase. Das klingt zun\u00e4chst einmal etwas kompliziert, l\u00e4sst sich aber recht einfach verdeutlichen: Die Nase kommt in den meisten ENS-F\u00e4llen ihrer Funktion, die Atemluft zu befeuchten und zu &#8222;verlangsamen&#8220;, nicht mehr ausreichend nach &#8211; weil sie entweder zu weit ist oder die Schleimhaut zu sehr gesch\u00e4digt.<\/p>\n\n\n\n<p>Wie das beispielhaft aussieht, soll anhand einiger CT-Bilder erl\u00e4utert werden: <\/p>\n\n\n\n<div class=\"wp-block-image\"><figure class=\"aligncenter\"><img decoding=\"async\" src=\"https:\/\/scontent-dus1-1.xx.fbcdn.net\/v\/t1.0-9\/84054199_10156622336957504_3436569630368333824_n.jpg?_nc_cat=106&amp;_nc_sid=07e735&amp;_nc_ohc=I5SRlNtc-7AAX8I3XmX&amp;_nc_ht=scontent-dus1-1.xx&amp;oh=b262f2a094825dbc04db2ca633eec4e1&amp;oe=5E93EFDA\" alt=\"No photo description available.\"\/><figcaption>Nasenmuscheln &#8211; verdickt und mit einer Septumperforation, aber sonst funktionsf\u00e4hig<\/figcaption><\/figure><\/div>\n\n\n\n<div class=\"wp-block-image\"><figure class=\"aligncenter\"><img decoding=\"async\" src=\"https:\/\/scontent-dus1-1.xx.fbcdn.net\/v\/t1.0-9\/88144910_10156622336642504_6804788275014795264_n.jpg?_nc_cat=101&amp;_nc_sid=07e735&amp;_nc_ohc=u_RyVQcOvhQAX_gWZfj&amp;_nc_ht=scontent-dus1-1.xx&amp;oh=10e8333c7eb799b838d9b687c6610e5a&amp;oe=5E906EE6\" alt=\"No photo description available.\"\/><figcaption>Nasenmuscheln nach der OP &#8211; deutlich verkleinert, mit viel mehr Raum f\u00fcr die Luft<\/figcaption><\/figure><\/div>\n\n\n<p><!--EndFragment-->Dieses Beispiel zeigt den Verlust von Volumen &#8211; es gibt aber viele verschiedene Varianten, wie sich ENS pr\u00e4sentieren kann, mitunter auch mit nur sehr geringem Volumenverlust.<br data-rich-text-line-break=\"true\" \/><br data-rich-text-line-break=\"true\" \/>Grunds\u00e4tzlich besteht die M\u00f6glichkeit, dass Empty Nose Syndrome entsteht, bei allen Operationen am Inneren der Nase. Vor allem aber bei Eingriffen an der Nasenscheidewand oder an den Nasenmuscheln ver\u00e4ndert sich die Physiologie der Nase. Das ist meist gewollt &#8211; immerhin sind Atem- oder Infektionsprobleme oft der Ausl\u00f6ser f\u00fcr eine solche Operation. Aber manchmal tritt danach eben auch das Empty Nose Syndrome auf.<br data-rich-text-line-break=\"true\" \/><br data-rich-text-line-break=\"true\" \/>Eine sehr gute Quelle f\u00fcr Daten und Fakten zur Physiologie der Nase im Kontext von Empty Nose Syndrome ist die Seite von Peter Esquinasi, der seinen eigenen Leidensweg zum Anlass genommen hat das Thema von wissenschaftlicher Seite anzugehen und damit sehr wertvolle Daten gesammelt hat.<br data-rich-text-line-break=\"true\" \/><br data-rich-text-line-break=\"true\" \/><a href=\"https:\/\/emptynosesyndromeaerodynamics.com\/\">Empty Nose Syndrome Aerodynamics<\/a><\/p>\n\n\n<p><\/p>\n","protected":false},"excerpt":{"rendered":"<p>Empty Nose Syndrome ist eine komplexe Krankheit &#8211; abh\u00e4ngig vom jeweiligen Defekt kann es zu unterschiedlichen Symptomen kommen. Hier sind die g\u00e4ngigsten beschrieben. Au\u00dferdem wird erkl\u00e4rt, wie es \u00fcberhaupt zum Empty Nose Syndrome kommen kann. Grunds\u00e4tzlich ist Empty Nose Syndrome in fast allen F\u00e4llen mit einer Nasen-OP verkn\u00fcpft, tritt also nicht &#8222;von allein&#8220; auf. Symptome [&hellip;]<\/p>\n","protected":false},"author":1,"featured_media":0,"parent":0,"menu_order":0,"comment_status":"closed","ping_status":"closed","template":"","meta":{"footnotes":""},"class_list":["post-8","page","type-page","status-publish","hentry"],"_links":{"self":[{"href":"https:\/\/emptynose.de\/index.php?rest_route=\/wp\/v2\/pages\/8","targetHints":{"allow":["GET"]}}],"collection":[{"href":"https:\/\/emptynose.de\/index.php?rest_route=\/wp\/v2\/pages"}],"about":[{"href":"https:\/\/emptynose.de\/index.php?rest_route=\/wp\/v2\/types\/page"}],"author":[{"embeddable":true,"href":"https:\/\/emptynose.de\/index.php?rest_route=\/wp\/v2\/users\/1"}],"replies":[{"embeddable":true,"href":"https:\/\/emptynose.de\/index.php?rest_route=%2Fwp%2Fv2%2Fcomments&post=8"}],"version-history":[{"count":1,"href":"https:\/\/emptynose.de\/index.php?rest_route=\/wp\/v2\/pages\/8\/revisions"}],"predecessor-version":[{"id":9,"href":"https:\/\/emptynose.de\/index.php?rest_route=\/wp\/v2\/pages\/8\/revisions\/9"}],"wp:attachment":[{"href":"https:\/\/emptynose.de\/index.php?rest_route=%2Fwp%2Fv2%2Fmedia&parent=8"}],"curies":[{"name":"wp","href":"https:\/\/api.w.org\/{rel}","templated":true}]}}