{"id":5,"date":"2020-03-09T20:06:41","date_gmt":"2020-03-09T20:06:41","guid":{"rendered":"http:\/\/emptynose.de\/?page_id=5"},"modified":"2020-03-09T20:06:41","modified_gmt":"2020-03-09T20:06:41","slug":"home","status":"publish","type":"page","link":"https:\/\/emptynose.de\/","title":{"rendered":"Home"},"content":{"rendered":"<p>Willkommen auf dieser Seite. Sie widmet sich dem Thema Empty Nose Syndrome &#8211; von den Symptomen \u00fcber den anatomischen Hintergrund bis hin zu Behandlungsm\u00f6glichkeiten.<\/p>\n<p>Warum gibt es diese Seite \u00fcberhaupt? Ich bin nach einer Nasen-OP, die eigentlich meine Probleme mit wiederkehrenden Entz\u00fcndungen der Nasennebenh\u00f6hlen beheben sollte, auf ziemlich unsanfte Art und Weise mit dem Thema Empty Nose Syndrome konfrontiert worden. Auf einmal f\u00fchlte sich das Atmen anders an, der Schlaf war v\u00f6llig zerst\u00fcckelt und wenig erholsam, und nach und nach litt die Psyche. Vor der OP war ich ein gefestigter Mensch ohne jegliche Probleme beim Schlafen. Auf einmal war alles anders. \u00c4rzte rieten au\u00dfer Abwarten, Schlafhygiene und Psychotherapie zu nichts, was wirklich half.<\/p>\n<p>Zum Gl\u00fcck bin ich relativ schnell auf Gruppen und Menschen gesto\u00dfen, die sich mit dem Thema Empty Nose Syndrome besch\u00e4ftigen. Es hat mir geholfen, meine eigenen Erfahrungen richtig einzuordnen. Es hat mir viele wertvolle Tipps beschert. Und es hat mir gezeigt, dass ich nicht der einzige bin, der vom Thema betroffen ist.<\/p>\n<p>Warum nun also diese Webseite? T\u00e4glich werden Menschen an der Nase operiert. Meist geht es gut &#8211; auch ich hatte eine erfolgreiche OP, die viele Probleme beseitigt hat. Aber mittlerweile wei\u00df ich auch, dass oft zu viel, zu schnell und vor allem zu r\u00fccksichtslos operiert wird. Ich kenne mich gezwungenerma\u00dfen sehr gut aus nun mit der Anatomie der Nase, mit CT-Bildern und Symptomen von Empty Nose &#8211; und ich kann daher auch sagen, dass die Aufkl\u00e4rung des Patienten im Vorfeld oft mangelhaft ist. Und wenn man dann Probleme hat, gibt es keine Hilfe.<\/p>\n<p>Ich habe versucht, mit dieser Webseite einen umfangreichen \u00dcberblick zu verschaffen. Ich muss aber an dieser Stelle auch sagen &#8211; ich bin kein Arzt, alle Behandlungen sollten im Zweifel mit einem solchen abgekl\u00e4rt werden. Die Inhalte dieser Webseite sollten nicht als medizinischer Rat aufgefasst werden.<br \/><!--StartFragment--><\/p>\n<p><!--EndFragment--><\/p>\n","protected":false},"excerpt":{"rendered":"<p>Willkommen auf dieser Seite. Sie widmet sich dem Thema Empty Nose Syndrome &#8211; von den Symptomen \u00fcber den anatomischen Hintergrund bis hin zu Behandlungsm\u00f6glichkeiten. Warum gibt es diese Seite \u00fcberhaupt? Ich bin nach einer Nasen-OP, die eigentlich meine Probleme mit wiederkehrenden Entz\u00fcndungen der Nasennebenh\u00f6hlen beheben sollte, auf ziemlich unsanfte Art und Weise mit dem Thema [&hellip;]<\/p>\n","protected":false},"author":1,"featured_media":0,"parent":0,"menu_order":0,"comment_status":"closed","ping_status":"closed","template":"","meta":{"footnotes":""},"class_list":["post-5","page","type-page","status-publish","hentry"],"_links":{"self":[{"href":"https:\/\/emptynose.de\/index.php?rest_route=\/wp\/v2\/pages\/5","targetHints":{"allow":["GET"]}}],"collection":[{"href":"https:\/\/emptynose.de\/index.php?rest_route=\/wp\/v2\/pages"}],"about":[{"href":"https:\/\/emptynose.de\/index.php?rest_route=\/wp\/v2\/types\/page"}],"author":[{"embeddable":true,"href":"https:\/\/emptynose.de\/index.php?rest_route=\/wp\/v2\/users\/1"}],"replies":[{"embeddable":true,"href":"https:\/\/emptynose.de\/index.php?rest_route=%2Fwp%2Fv2%2Fcomments&post=5"}],"version-history":[{"count":1,"href":"https:\/\/emptynose.de\/index.php?rest_route=\/wp\/v2\/pages\/5\/revisions"}],"predecessor-version":[{"id":6,"href":"https:\/\/emptynose.de\/index.php?rest_route=\/wp\/v2\/pages\/5\/revisions\/6"}],"wp:attachment":[{"href":"https:\/\/emptynose.de\/index.php?rest_route=%2Fwp%2Fv2%2Fmedia&parent=5"}],"curies":[{"name":"wp","href":"https:\/\/api.w.org\/{rel}","templated":true}]}}