{"id":22,"date":"2020-03-09T20:19:24","date_gmt":"2020-03-09T20:19:24","guid":{"rendered":"http:\/\/emptynose.de\/?page_id=22"},"modified":"2020-03-09T20:19:24","modified_gmt":"2020-03-09T20:19:24","slug":"websites-communities","status":"publish","type":"page","link":"https:\/\/emptynose.de\/?page_id=22","title":{"rendered":"Websites &#038; Communities"},"content":{"rendered":"\n<p>\n\nEs gibt mehrere aktive Webseiten und Communities rund um das Thema Empty Nose Syndrome. Ich liste hier diejenigen auf, die ich als am hilfreichsten empfunden habe.<\/p>\n\n\n\n<p><a href=\"https:\/\/www.facebook.com\/groups\/44406735710\/\">Facebook-Gruppe &#8222;Empty Nose Syndrome Awareness&#8220;<\/a><br>Gro\u00dfe Gruppe, in der auch einige \u00c4rzte (selten) aktiv sind. Breites Spektrum an Themen und Tipps, mitunter etwas un\u00fcbersichtlich und wie jede gr\u00f6\u00dfere Gruppe mit einer gro\u00dfen Bandbreite an Pers\u00f6nlichkeiten.<\/p>\n\n\n\n<p><a href=\"https:\/\/www.tapatalk.com\/groups\/guestfr\/\">Tapatalk &#8222;Empty Nose Syndrome&#8220;<\/a><br>Nicht mehr ganz so aktives Forum zum Thema, bei dem aber vor allem die Erfahrungsberichte mit Bildern sehr hilfreich sein k\u00f6nnen.<\/p>\n\n\n\n<p><a href=\"https:\/\/emptynosesyndromeaerodynamics.com\/\">Empty Nose Syndrome Aerodynamics<\/a><br>Diese Webseite besch\u00e4ftigt sich auf Datenbasis mit Empty Nose Syndrome und vor allem den Auswirkungen auf den Schlaf.<\/p>\n\n\n\n<p><a href=\"https:\/\/nasalcripple.com\/\">Nasal Cripple<\/a><br>Seite eines Betroffenen, die vor allem mit ihrer guten \u00dcbersicht an \u00c4rzten brillier\n\n<\/p>\n","protected":false},"excerpt":{"rendered":"<p>Es gibt mehrere aktive Webseiten und Communities rund um das Thema Empty Nose Syndrome. Ich liste hier diejenigen auf, die ich als am hilfreichsten empfunden habe. Facebook-Gruppe &#8222;Empty Nose Syndrome Awareness&#8220;Gro\u00dfe Gruppe, in der auch einige \u00c4rzte (selten) aktiv sind. Breites Spektrum an Themen und Tipps, mitunter etwas un\u00fcbersichtlich und wie jede gr\u00f6\u00dfere Gruppe mit [&hellip;]<\/p>\n","protected":false},"author":1,"featured_media":0,"parent":0,"menu_order":0,"comment_status":"closed","ping_status":"closed","template":"","meta":{"footnotes":""},"class_list":["post-22","page","type-page","status-publish","hentry"],"_links":{"self":[{"href":"https:\/\/emptynose.de\/index.php?rest_route=\/wp\/v2\/pages\/22","targetHints":{"allow":["GET"]}}],"collection":[{"href":"https:\/\/emptynose.de\/index.php?rest_route=\/wp\/v2\/pages"}],"about":[{"href":"https:\/\/emptynose.de\/index.php?rest_route=\/wp\/v2\/types\/page"}],"author":[{"embeddable":true,"href":"https:\/\/emptynose.de\/index.php?rest_route=\/wp\/v2\/users\/1"}],"replies":[{"embeddable":true,"href":"https:\/\/emptynose.de\/index.php?rest_route=%2Fwp%2Fv2%2Fcomments&post=22"}],"version-history":[{"count":1,"href":"https:\/\/emptynose.de\/index.php?rest_route=\/wp\/v2\/pages\/22\/revisions"}],"predecessor-version":[{"id":23,"href":"https:\/\/emptynose.de\/index.php?rest_route=\/wp\/v2\/pages\/22\/revisions\/23"}],"wp:attachment":[{"href":"https:\/\/emptynose.de\/index.php?rest_route=%2Fwp%2Fv2%2Fmedia&parent=22"}],"curies":[{"name":"wp","href":"https:\/\/api.w.org\/{rel}","templated":true}]}}