{"id":16,"date":"2020-03-09T20:17:45","date_gmt":"2020-03-09T20:17:45","guid":{"rendered":"http:\/\/emptynose.de\/?page_id=16"},"modified":"2020-03-09T20:17:45","modified_gmt":"2020-03-09T20:17:45","slug":"ops-und-injektionen","status":"publish","type":"page","link":"https:\/\/emptynose.de\/?page_id=16","title":{"rendered":"OPs und Injektionen"},"content":{"rendered":"\n<p> Operativ gibt es zwei grunds\u00e4tzliche M\u00f6glichkeiten: Zum einen die, das n\u00f6tige Volumen bzw. die richtige Anordnungen dieses Volumens wieder herzustellen, und zweitens die, die Regeneration der Schleimhaut zu unterst\u00fctzen. <\/p>\n\n\n\n<h3 class=\"wp-block-heading\"> M\u00f6glichkeiten bei Volumenverlust <\/h3>\n\n\n\n<p><strong>Implantation von Rippen- oder Ohrknorpel<\/strong><\/p>\n\n\n\n<p>Falls zuviel von den Nasenmuscheln oder sonstiger Anatomie entfernt wurde, besteht die M\u00f6glichkeit, durch Implantat von Knorpel aus der Rippe oder aus dem Ohr den Nasengang zu verengen. Hierbei wird entweder in den Nasengang, den Nasenboden oder die ggf. noch vorhandenen Reste der Nasenmuschel implantiert. Insbesondere Rippenknorpel soll hierbei am langfristigsten seine Form behalten<\/p>\n\n\n\n<p><strong>Implantation von Alloderm<\/strong><\/p>\n\n\n\n<p>Das oben genannte Verfahren ist auch mit Alloderm m\u00f6glich, einer Kollagenmatrix, die aus Haut hergestellt wird. Alloderm resorbiert allerdings mit der Zeit, wobei die genaue Menge und Dauer individuell verschieden ist.\n\n<\/p>\n\n\n\n<h3 class=\"wp-block-heading\"> M\u00f6glichkeiten bei Schleimhautschaden <\/h3>\n\n\n\n<p><strong>Injektion von PRP<\/strong><\/p>\n\n\n\n<p>PRP ist k\u00f6rpereigenes Blut, das in einem speziellen Verfahren mit Thrombozyten angereichert wird. Es in die Nasenschleimhaut zu injizieren kann dabei helfen, die Schleimhaut zu regenerieren, was wiederum auch zu leichem Volumengewinn f\u00fchren kann.<\/p>\n\n\n\n<p><strong>Injektion von PRL<\/strong><\/p>\n\n\n\n<p>PRL ist PRP \u00e4hnlich, wird aber zus\u00e4tzlich um Fettgewebe mit Stammzellen bereichert. Die berichteten Erfahrungen scheinen hierbei leicht besser zu sein als bei reinen PRP-Injektionen.\n\n<\/p>\n","protected":false},"excerpt":{"rendered":"<p>Operativ gibt es zwei grunds\u00e4tzliche M\u00f6glichkeiten: Zum einen die, das n\u00f6tige Volumen bzw. die richtige Anordnungen dieses Volumens wieder herzustellen, und zweitens die, die Regeneration der Schleimhaut zu unterst\u00fctzen. M\u00f6glichkeiten bei Volumenverlust Implantation von Rippen- oder Ohrknorpel Falls zuviel von den Nasenmuscheln oder sonstiger Anatomie entfernt wurde, besteht die M\u00f6glichkeit, durch Implantat von Knorpel aus [&hellip;]<\/p>\n","protected":false},"author":1,"featured_media":0,"parent":0,"menu_order":0,"comment_status":"closed","ping_status":"closed","template":"","meta":{"footnotes":""},"class_list":["post-16","page","type-page","status-publish","hentry"],"_links":{"self":[{"href":"https:\/\/emptynose.de\/index.php?rest_route=\/wp\/v2\/pages\/16","targetHints":{"allow":["GET"]}}],"collection":[{"href":"https:\/\/emptynose.de\/index.php?rest_route=\/wp\/v2\/pages"}],"about":[{"href":"https:\/\/emptynose.de\/index.php?rest_route=\/wp\/v2\/types\/page"}],"author":[{"embeddable":true,"href":"https:\/\/emptynose.de\/index.php?rest_route=\/wp\/v2\/users\/1"}],"replies":[{"embeddable":true,"href":"https:\/\/emptynose.de\/index.php?rest_route=%2Fwp%2Fv2%2Fcomments&post=16"}],"version-history":[{"count":1,"href":"https:\/\/emptynose.de\/index.php?rest_route=\/wp\/v2\/pages\/16\/revisions"}],"predecessor-version":[{"id":17,"href":"https:\/\/emptynose.de\/index.php?rest_route=\/wp\/v2\/pages\/16\/revisions\/17"}],"wp:attachment":[{"href":"https:\/\/emptynose.de\/index.php?rest_route=%2Fwp%2Fv2%2Fmedia&parent=16"}],"curies":[{"name":"wp","href":"https:\/\/api.w.org\/{rel}","templated":true}]}}