{"id":14,"date":"2020-03-09T20:16:47","date_gmt":"2020-03-09T20:16:47","guid":{"rendered":"http:\/\/emptynose.de\/?page_id=14"},"modified":"2020-03-12T09:38:56","modified_gmt":"2020-03-12T09:38:56","slug":"medikamente-tipps","status":"publish","type":"page","link":"https:\/\/emptynose.de\/?page_id=14","title":{"rendered":"Medikamente &#038; Tipps"},"content":{"rendered":"\n<p>Grunds\u00e4tzlich gibt es viele m\u00f6gliche Symptome bei Empty Nose Syndrome, und somit auch eine Vielzahl an m\u00f6glichen Tipps. Die hier beschriebenen decken die g\u00e4ngigsten Varianten ab.<br><\/p>\n\n\n\n<p><strong>Cotton Sticks &amp; Nasenfilter<\/strong><br><br>Falls die Weite der Nase das Problem ist, gibt es die M\u00f6glichkeit sich  aus handels\u00fcblichen Abschminkpads kleine Sticks zu bauen, die in die Nase gelegt werden und dort die Funktion der nun fehlenden Nasenmuscheln \u00fcbernehmen sollen. Eine entsprechende Anleitung gibt es hier &#8211; nachts sollten diese aber zur Sicherheit an der Nase festgetapet werden, um ein eventuelles Einatmen zu verhindern. Ich \u00fcbernehme auch keine Verantwortung f\u00fcr das hier Beschriebene &#8211; achtet insbesondere darauf, dass ihr auch tags\u00fcber nichts einatmet oder verschluckt.<\/p>\n\n\n\n<div class=\"wp-block-image\"><figure class=\"aligncenter size-large\"><img loading=\"lazy\" decoding=\"async\" width=\"418\" height=\"381\" src=\"https:\/\/emptynose.de\/wp-content\/uploads\/2020\/03\/image.png\" alt=\"\" class=\"wp-image-49\" srcset=\"https:\/\/emptynose.de\/wp-content\/uploads\/2020\/03\/image.png 418w, https:\/\/emptynose.de\/wp-content\/uploads\/2020\/03\/image-300x273.png 300w\" sizes=\"auto, (max-width: 418px) 100vw, 418px\" \/><figcaption>Nehmt ein handels\u00fcbliches Baumwollpad.<\/figcaption><\/figure><\/div>\n\n\n\n<div class=\"wp-block-image\"><figure class=\"aligncenter size-large is-resized\"><img loading=\"lazy\" decoding=\"async\" src=\"https:\/\/emptynose.de\/wp-content\/uploads\/2020\/03\/image-1.png\" alt=\"\" class=\"wp-image-50\" width=\"418\" height=\"356\" srcset=\"https:\/\/emptynose.de\/wp-content\/uploads\/2020\/03\/image-1.png 475w, https:\/\/emptynose.de\/wp-content\/uploads\/2020\/03\/image-1-300x256.png 300w\" sizes=\"auto, (max-width: 418px) 100vw, 418px\" \/><figcaption>Schneidet dort ein 4-5 cm langes St\u00fcck heraus, das nach oben schmaler wird. R\u00e4nder des Baumwollpads abschneiden, diese sind sonst zu dick.<\/figcaption><\/figure><\/div>\n\n\n\n<div class=\"wp-block-image\"><figure class=\"aligncenter size-large is-resized\"><img loading=\"lazy\" decoding=\"async\" src=\"https:\/\/emptynose.de\/wp-content\/uploads\/2020\/03\/image-2.png\" alt=\"\" class=\"wp-image-51\" width=\"415\" height=\"342\" srcset=\"https:\/\/emptynose.de\/wp-content\/uploads\/2020\/03\/image-2.png 547w, https:\/\/emptynose.de\/wp-content\/uploads\/2020\/03\/image-2-300x247.png 300w\" sizes=\"auto, (max-width: 415px) 100vw, 415px\" \/><figcaption>Rollt das ganze zwischen den H\u00e4nden zusammen. Es sollte nicht zu klein sein, damit es nicht aus Versehen eingeatmet wird.<\/figcaption><\/figure><\/div>\n\n\n\n<div class=\"wp-block-image\"><figure class=\"aligncenter size-large is-resized\"><img loading=\"lazy\" decoding=\"async\" src=\"https:\/\/emptynose.de\/wp-content\/uploads\/2020\/03\/image-3.png\" alt=\"\" class=\"wp-image-52\" width=\"412\" height=\"341\" srcset=\"https:\/\/emptynose.de\/wp-content\/uploads\/2020\/03\/image-3.png 542w, https:\/\/emptynose.de\/wp-content\/uploads\/2020\/03\/image-3-300x249.png 300w\" sizes=\"auto, (max-width: 412px) 100vw, 412px\" \/><figcaption>Spr\u00fcht es mit Salzl\u00f6sung oder Meerwassernasenspray ein, rollt es weiter bis es wirklich rund ist. Anschlie\u00dfend setzt ihr es in die Nase &#8211; an den unteren Nasenboden und eng an die seitliche Wand, so dass es das Volumen der fehlenden Nasenmuschel nachbildet. Nehmt ggf. ein Wattest\u00e4bchen zur Hilfe. Nicht zu weit hinein und beim Schlafen ans Festtapen denken.<\/figcaption><\/figure><\/div>\n\n\n\n<p><br><br>Alternativ haben auch mehrere Leute berichtet, mit Allergiefiltern wie den <a href=\"https:\/\/www.amazon.de\/WoodyKnows-Nasenfilter-Reduzieren-Schimmelpilzallergene-Pollution\/dp\/B00DKX0ZLS\">Woody Knows<\/a> ihren Atemproblemen geholfen zu haben &#8211; sie erh\u00f6hen den Widerstand und k\u00f6nnen daher auch hilfreich sein.<br><br><br><strong>Schlafmedikamente<\/strong><br><br>Nicht alle, aber viele ENS-Patienten leiden unter Schlafproblemen. Diese werden vermutlich durch eine fehlerhafte Kommunikation der Atemwege ans Gehirn verursacht. Schlafmedikamente sollten hierbei das Nervensystem beruhigen. Gute Erfahrungen wurden hier von mehreren Personen mit Mirtazapin und Trimipramin gemacht. <br><br><br><strong>Luftbefeuchter<\/strong><br><br>Grunds\u00e4tzlich hilft es der trockenen Nase, in Wohnr\u00e4umen Luftbefeuchter aufzustellen, insbesondere w\u00e4hrend der Heizperiode.<br><br><br><strong>Nasenpflege<\/strong><br><br>Zur Nasenpflege gehen die Meinungen weit auseinander. Die g\u00e4ngigen Nasenduschen trocknen bei manchen die Schleimhaut aus, w\u00e4hrend sie bei anderen gut helfen. Das gleiche gilt f\u00fcr alle \u00d6le und Sprays. Auch Nasensalben helfen nicht jedem gleich. Hier gilt es, etwas zu finden, das die Nase dauerhaft befeuchtet und die Schleimhaut regeneriert.<br><\/p>\n","protected":false},"excerpt":{"rendered":"<p>Grunds\u00e4tzlich gibt es viele m\u00f6gliche Symptome bei Empty Nose Syndrome, und somit auch eine Vielzahl an m\u00f6glichen Tipps. Die hier beschriebenen decken die g\u00e4ngigsten Varianten ab. Cotton Sticks &amp; Nasenfilter Falls die Weite der Nase das Problem ist, gibt es die M\u00f6glichkeit sich aus handels\u00fcblichen Abschminkpads kleine Sticks zu bauen, die in die Nase gelegt [&hellip;]<\/p>\n","protected":false},"author":1,"featured_media":0,"parent":0,"menu_order":0,"comment_status":"closed","ping_status":"closed","template":"","meta":{"footnotes":""},"class_list":["post-14","page","type-page","status-publish","hentry"],"_links":{"self":[{"href":"https:\/\/emptynose.de\/index.php?rest_route=\/wp\/v2\/pages\/14","targetHints":{"allow":["GET"]}}],"collection":[{"href":"https:\/\/emptynose.de\/index.php?rest_route=\/wp\/v2\/pages"}],"about":[{"href":"https:\/\/emptynose.de\/index.php?rest_route=\/wp\/v2\/types\/page"}],"author":[{"embeddable":true,"href":"https:\/\/emptynose.de\/index.php?rest_route=\/wp\/v2\/users\/1"}],"replies":[{"embeddable":true,"href":"https:\/\/emptynose.de\/index.php?rest_route=%2Fwp%2Fv2%2Fcomments&post=14"}],"version-history":[{"count":2,"href":"https:\/\/emptynose.de\/index.php?rest_route=\/wp\/v2\/pages\/14\/revisions"}],"predecessor-version":[{"id":53,"href":"https:\/\/emptynose.de\/index.php?rest_route=\/wp\/v2\/pages\/14\/revisions\/53"}],"wp:attachment":[{"href":"https:\/\/emptynose.de\/index.php?rest_route=%2Fwp%2Fv2%2Fmedia&parent=14"}],"curies":[{"name":"wp","href":"https:\/\/api.w.org\/{rel}","templated":true}]}}