{"id":12,"date":"2020-03-09T20:13:25","date_gmt":"2020-03-09T20:13:25","guid":{"rendered":"http:\/\/emptynose.de\/?page_id=12"},"modified":"2020-03-09T20:13:25","modified_gmt":"2020-03-09T20:13:25","slug":"wie-kann-man-empty-nose-syndrome-verhindern","status":"publish","type":"page","link":"https:\/\/emptynose.de\/?page_id=12","title":{"rendered":"Wie kann man Empty Nose Syndrome verhindern?"},"content":{"rendered":"\n<p>Empty Nose Syndrome l\u00e4sst sich vor allem verhindern, indem nicht zuviele und zu weitreichende Operationen vorgenommen werden. Nasenmuscheln und Nasenscheidewand sind oft Teil des Standardprogramms f\u00fcr eine OP, auch wenn das Problem vielleicht woanders oder nur zum Teil dort liegt.<br><br>Ein paar grunds\u00e4tzliche Empfehlungen &#8211; und an dieser Stelle nochmal der Hinweis, dass ich kein Arzt bin und damit keinen medizinischen Rat erteile:<\/p>\n\n\n\n<ul class=\"wp-block-list\"><li>Vor einer Operation sollte zun\u00e4chst versucht werden, die Schwellung der Nasenmuscheln zu reduzieren &#8211; Cortisonspray, Vermeidung von Ausl\u00f6sern wie Allergie und ggf. Nahrungsmitteln sind hier zu nennen<\/li><li>Sollte operiert werden, dann m\u00f6glichst schonend und nicht zu viel auf einmal &#8211; was einmal weggeschnitten wurde, kommt so schnell nicht zur\u00fcck<\/li><li>Alles, wo Knochen der Nasenmuschel oder generell gr\u00f6\u00dfere Teile der Nasenmuschel entfernt werden, sollte gr\u00fcndlich durchdacht werden<\/li><\/ul>\n","protected":false},"excerpt":{"rendered":"<p>Empty Nose Syndrome l\u00e4sst sich vor allem verhindern, indem nicht zuviele und zu weitreichende Operationen vorgenommen werden. Nasenmuscheln und Nasenscheidewand sind oft Teil des Standardprogramms f\u00fcr eine OP, auch wenn das Problem vielleicht woanders oder nur zum Teil dort liegt. Ein paar grunds\u00e4tzliche Empfehlungen &#8211; und an dieser Stelle nochmal der Hinweis, dass ich kein [&hellip;]<\/p>\n","protected":false},"author":1,"featured_media":0,"parent":0,"menu_order":0,"comment_status":"closed","ping_status":"closed","template":"","meta":{"footnotes":""},"class_list":["post-12","page","type-page","status-publish","hentry"],"_links":{"self":[{"href":"https:\/\/emptynose.de\/index.php?rest_route=\/wp\/v2\/pages\/12","targetHints":{"allow":["GET"]}}],"collection":[{"href":"https:\/\/emptynose.de\/index.php?rest_route=\/wp\/v2\/pages"}],"about":[{"href":"https:\/\/emptynose.de\/index.php?rest_route=\/wp\/v2\/types\/page"}],"author":[{"embeddable":true,"href":"https:\/\/emptynose.de\/index.php?rest_route=\/wp\/v2\/users\/1"}],"replies":[{"embeddable":true,"href":"https:\/\/emptynose.de\/index.php?rest_route=%2Fwp%2Fv2%2Fcomments&post=12"}],"version-history":[{"count":1,"href":"https:\/\/emptynose.de\/index.php?rest_route=\/wp\/v2\/pages\/12\/revisions"}],"predecessor-version":[{"id":13,"href":"https:\/\/emptynose.de\/index.php?rest_route=\/wp\/v2\/pages\/12\/revisions\/13"}],"wp:attachment":[{"href":"https:\/\/emptynose.de\/index.php?rest_route=%2Fwp%2Fv2%2Fmedia&parent=12"}],"curies":[{"name":"wp","href":"https:\/\/api.w.org\/{rel}","templated":true}]}}