{"id":10,"date":"2020-03-09T20:12:49","date_gmt":"2020-03-09T20:12:49","guid":{"rendered":"http:\/\/emptynose.de\/?page_id=10"},"modified":"2020-03-09T20:30:47","modified_gmt":"2020-03-09T20:30:47","slug":"leide-ich-am-empty-nose-syndrome","status":"publish","type":"page","link":"https:\/\/emptynose.de\/?page_id=10","title":{"rendered":"Leide ich am Empty Nose Syndrome?"},"content":{"rendered":"\n<p>Nach einer Nasen-Operation kommt man oft schnell zum Empty Nose Syndrome, weil sich insbesondere die ersten Wochen nach der Operation mitunter so anf\u00fchlen als sei etwas nicht richtig.<br><br>Auf der anderen Seite habe ich aber auch die Erfahrung gemacht, dass oft alles erstmal auf  andere Faktoren geschoben wird. HNO-\u00c4rzte schauen sich dann die Nase an, sagen da sei &#8222;alles frei&#8220;, und damit hat es sich. So einfach ist es aber leider nicht in jedem Fall. Insbesondere weil die Belastungen, die durch Empty Nose Syndrome hervorgerufen werden, sich auch auf die Psyche auswirken, doktert man mitunter an ganz falschen Stellen herum.<br><br>Zun\u00e4chst einmal dauert der Heilungsprozess nach jeder Operation eine Weile. Zu fr\u00fch sollte man die Diagnose daher nicht stellen. Es gibt allerdings ein paar Indikatoren, die daf\u00fcr sprechen, dass man sich von einem Spezialisten (siehe &#8222;\u00c4rzte&#8220;) untersuchen und diagnostizieren lassen sollte.<\/p>\n\n\n\n<ul class=\"wp-block-list\"><li>K\u00e4ltegef\u00fchl beim Einatmen, auch lange Zeit nach der OP und bei &#8222;normalen Temperaturen<\/li><li>Das Gef\u00fchl, nicht richtig Luft zu bekommen, bzw. den Atemstrom nicht zu sp\u00fcren oder zu wenig Widerstand in der Nase zu haben<\/li><li>Schlafprobleme, insbesondere Probleme beim Durchschlafen oder erholsamen Schlafen<\/li><li>Auff\u00e4llige Trockenheit der Nase und Krustenbildung auch lange nach der OP noch<\/li><\/ul>\n\n\n\n<p>Wenn diese Empfindungen lange anhalten, empfiehlt sich das Aufsuchen eines Spezialisten. Unter &#8222;\u00c4rzte&#8220; habe ich einige davon erw\u00e4hnt, viele bieten auch eine Begutachtung von Material an ohne selbst hinzureisen.<\/p>\n","protected":false},"excerpt":{"rendered":"<p>Nach einer Nasen-Operation kommt man oft schnell zum Empty Nose Syndrome, weil sich insbesondere die ersten Wochen nach der Operation mitunter so anf\u00fchlen als sei etwas nicht richtig. Auf der anderen Seite habe ich aber auch die Erfahrung gemacht, dass oft alles erstmal auf andere Faktoren geschoben wird. HNO-\u00c4rzte schauen sich dann die Nase an, [&hellip;]<\/p>\n","protected":false},"author":1,"featured_media":0,"parent":0,"menu_order":0,"comment_status":"closed","ping_status":"closed","template":"","meta":{"footnotes":""},"class_list":["post-10","page","type-page","status-publish","hentry"],"_links":{"self":[{"href":"https:\/\/emptynose.de\/index.php?rest_route=\/wp\/v2\/pages\/10","targetHints":{"allow":["GET"]}}],"collection":[{"href":"https:\/\/emptynose.de\/index.php?rest_route=\/wp\/v2\/pages"}],"about":[{"href":"https:\/\/emptynose.de\/index.php?rest_route=\/wp\/v2\/types\/page"}],"author":[{"embeddable":true,"href":"https:\/\/emptynose.de\/index.php?rest_route=\/wp\/v2\/users\/1"}],"replies":[{"embeddable":true,"href":"https:\/\/emptynose.de\/index.php?rest_route=%2Fwp%2Fv2%2Fcomments&post=10"}],"version-history":[{"count":2,"href":"https:\/\/emptynose.de\/index.php?rest_route=\/wp\/v2\/pages\/10\/revisions"}],"predecessor-version":[{"id":48,"href":"https:\/\/emptynose.de\/index.php?rest_route=\/wp\/v2\/pages\/10\/revisions\/48"}],"wp:attachment":[{"href":"https:\/\/emptynose.de\/index.php?rest_route=%2Fwp%2Fv2%2Fmedia&parent=10"}],"curies":[{"name":"wp","href":"https:\/\/api.w.org\/{rel}","templated":true}]}}